{"id":55,"date":"2022-09-12T21:37:34","date_gmt":"2022-09-13T00:37:34","guid":{"rendered":"http:\/\/rede.sbastrobio.org\/?page_id=55"},"modified":"2023-06-27T18:26:24","modified_gmt":"2023-06-27T21:26:24","slug":"encontre-pesquisadores","status":"publish","type":"page","link":"https:\/\/rede.sbastrobio.org\/","title":{"rendered":"Encontre pesquisadores!"},"content":{"rendered":"\n<h2 class=\"has-text-align-center\">Est\u00e1 procurando por pesquisadores na \u00e1rea de astrobiologia? <\/h2>\n\n\n\n<p class=\"has-text-align-center\"><br>Procure por termos e o buscador te retornar\u00e1 com os nomes relacionados ao termo pesquisado.<\/p>\n\n\n\n<h2 class=\"has-text-align-center\">\u00c9 um pesquisador e deseja associar-se?<a href=\"http:\/\/rede.sbastrobio.org\/register\/\" target=\"_blank\" rel=\"noreferrer noopener\"> Clique Aqui.<\/a><\/h2>\n\n\n\n<style>\n.centro {\ntext-align: center;}\nelement.style {\n}\n.site-header .site-header-container, .header-search-wrap, .header-search-wrap input.search-field, .header-search-wrap form.search-form {\n    height: 76px;\n}\n.header-search-wrap .search-form {\n    -webkit-box-align: center;\n    -ms-flex-align: center;\n    align-items: center;\n    display: -webkit-box;\n    display: -ms-flexbox;\n    display: flex;\n    height: var(--bb-header-height);\n    margin: 0 auto;\n    max-width: 500px;\n}\nform.search-form {\n}\nform.search-form {\n    position: relative;\n}\n.form-item, form {\n    margin-bottom: 2rem;\n}\n*, :after, :before {\n    box-sizing: inherit;\n}\nfolha de estilos de agente de usu\u00e1rio\nform {\n    display: block;\n    margin-top: 0em;\n}\n.header-search-wrap {\n    position: absolute;\n    width: 100%;\n    left: 0;\n    top: 0;\n    height: var(--bb-header-height);\n    background: #fff;\n    box-shadow: 0 3px 12px rgb(0 0 0 \/ 5%);\n    opacity: 0;\n    visibility: hidden;\n    -webkit-transition: all linear .2s;\n    transition: all linear .2s;\n    z-index: 2;\n}\n.site {\n    -webkit-box-flex: 1;\n    -ms-flex: 1;\n    flex: 1;\n    display: -webkit-box;\n    display: -ms-flexbox;\n    display: flex;\n    -webkit-box-orient: vertical;\n    -webkit-box-direction: normal;\n    -ms-flex-direction: column;\n    flex-direction: column;\n    min-height: 100vh;\n}\nbody.bb-custom-typo {\n    font-family: -apple-system, BlinkMacSystemFont, \"Segoe UI\", Roboto, Oxygen-Sans, Ubuntu, Cantarell, \"Helvetica Neue\", sans-serif;\n}\nbody {\n    background-color: var(--bb-body-background-color);\n    color: var(--bb-body-text-color);\n    margin: 0;\n    font-size: 18px;\n    font-family: -apple-system,BlinkMacSystemFont,\"Segoe UI\",Roboto,Oxygen-Sans,Ubuntu,Cantarell,\"Helvetica Neue\",sans-serif;\n    font-size: 16px;\n    line-height: 1.6875rem;\n    -ms-text-size-adjust: 100%;\n    -webkit-text-size-adjust: 100%;\n    overflow-x: hidden;\n}\nbody {\n    --wp--preset--color--black: #000000;\n    --wp--preset--color--cyan-bluish-gray: #abb8c3;\n    --wp--preset--color--white: #ffffff;\n    --wp--preset--color--pale-pink: #f78da7;\n    --wp--preset--color--vivid-red: #cf2e2e;\n    --wp--preset--color--luminous-vivid-orange: #ff6900;\n    --wp--preset--color--luminous-vivid-amber: #fcb900;\n    --wp--preset--color--light-green-cyan: #7bdcb5;\n    --wp--preset--color--vivid-green-cyan: #00d084;\n    --wp--preset--color--pale-cyan-blue: #8ed1fc;\n    --wp--preset--color--vivid-cyan-blue: #0693e3;\n    --wp--preset--color--vivid-purple: #9b51e0;\n    --wp--preset--gradient--vivid-cyan-blue-to-vivid-purple: linear-gradient(135deg,rgba(6,147,227,1) 0%,rgb(155,81,224) 100%);\n    --wp--preset--gradient--light-green-cyan-to-vivid-green-cyan: linear-gradient(135deg,rgb(122,220,180) 0%,rgb(0,208,130) 100%);\n    --wp--preset--gradient--luminous-vivid-amber-to-luminous-vivid-orange: linear-gradient(135deg,rgba(252,185,0,1) 0%,rgba(255,105,0,1) 100%);\n    --wp--preset--gradient--luminous-vivid-orange-to-vivid-red: linear-gradient(135deg,rgba(255,105,0,1) 0%,rgb(207,46,46) 100%);\n    --wp--preset--gradient--very-light-gray-to-cyan-bluish-gray: linear-gradient(135deg,rgb(238,238,238) 0%,rgb(169,184,195) 100%);\n    --wp--preset--gradient--cool-to-warm-spectrum: linear-gradient(135deg,rgb(74,234,220) 0%,rgb(151,120,209) 20%,rgb(207,42,186) 40%,rgb(238,44,130) 60%,rgb(251,105,98) 80%,rgb(254,248,76) 100%);\n    --wp--preset--gradient--blush-light-purple: linear-gradient(135deg,rgb(255,206,236) 0%,rgb(152,150,240) 100%);\n    --wp--preset--gradient--blush-bordeaux: linear-gradient(135deg,rgb(254,205,165) 0%,rgb(254,45,45) 50%,rgb(107,0,62) 100%);\n    --wp--preset--gradient--luminous-dusk: linear-gradient(135deg,rgb(255,203,112) 0%,rgb(199,81,192) 50%,rgb(65,88,208) 100%);\n    --wp--preset--gradient--pale-ocean: linear-gradient(135deg,rgb(255,245,203) 0%,rgb(182,227,212) 50%,rgb(51,167,181) 100%);\n    --wp--preset--gradient--electric-grass: linear-gradient(135deg,rgb(202,248,128) 0%,rgb(113,206,126) 100%);\n    --wp--preset--gradient--midnight: linear-gradient(135deg,rgb(2,3,129) 0%,rgb(40,116,252) 100%);\n    --wp--preset--duotone--dark-grayscale: url(#wp-duotone-dark-grayscale);\n    --wp--preset--duotone--grayscale: url(#wp-duotone-grayscale);\n    --wp--preset--duotone--purple-yellow: url(#wp-duotone-purple-yellow);\n    --wp--preset--duotone--blue-red: url(#wp-duotone-blue-red);\n    --wp--preset--duotone--midnight: url(#wp-duotone-midnight);\n    --wp--preset--duotone--magenta-yellow: url(#wp-duotone-magenta-yellow);\n    --wp--preset--duotone--purple-green: url(#wp-duotone-purple-green);\n    --wp--preset--duotone--blue-orange: url(#wp-duotone-blue-orange);\n    --wp--preset--font-size--small: 13px;\n    --wp--preset--font-size--medium: 20px;\n    --wp--preset--font-size--large: 36px;\n    --wp--preset--font-size--x-large: 42px;\n}\n:root {\n    --bb-primary-color: #04a7f2;\n    --bb-primary-color-rgb: 4, 167, 242;\n    --bb-body-background-color: #FAFBFD;\n    --bb-content-background-color: #FFFFFF;\n    --bb-content-alternate-background-color: #F2F4F5;\n    --bb-content-border-color: #D6D9DD;\n    --bb-content-border-color-rgb: 214, 217, 221;\n    --bb-cover-image-background-color: #647385;\n    --bb-headings-color: #1E2132;\n    --bb-body-text-color: #5A5A5A;\n    --bb-alternate-text-color: #9B9C9F;\n    --bb-alternate-text-color-rgb: 155, 156, 159;\n    --bb-primary-button-background-regular: #fc7c37;\n    --bb-primary-button-background-hover: #e2461f;\n    --bb-primary-button-border-regular: #f98136;\n    --bb-primary-button-border-hover: #e52020;\n    --bb-primary-button-text-regular: #ffffff;\n    --bb-primary-button-text-regular-rgb: 255, 255, 255;\n    --bb-primary-button-text-hover: #ffffff;\n    --bb-primary-button-text-hover-rgb: 255, 255, 255;\n    --bb-secondary-button-background-regular: #F2F4F5;\n    --bb-secondary-button-background-hover: #385DFF;\n    --bb-secondary-button-border-regular: #F2F4F5;\n    --bb-secondary-button-border-hover: #385DFF;\n    --bb-secondary-button-text-regular: #1E2132;\n    --bb-secondary-button-text-hover: #FFFFFF;\n    --bb-header-background: #ffffff;\n    --bb-header-alternate-background: #F2F4F5;\n    --bb-header-links: #1E2132;\n    --bb-header-links-hover: #385DFF;\n    --bb-header-mobile-logo-size: px;\n    --bb-header-height: 76px;\n    --bb-sidenav-background: #ffffff;\n    --bb-sidenav-alt-background: #F2F4F5;\n    --bb-sidenav-links: #1E2132;\n    --bb-sidenav-links-hover: #385DFF;\n    --bb-footer-background: #FAFBFD;\n    --bb-footer-widget-background: #FAFBFD;\n    --bb-footer-text-color: #5A5A5A;\n    --bb-footer-menu-link-color-regular: #5A5A5A;\n    --bb-footer-menu-link-color-hover: #385DFF;\n    --bb-footer-menu-link-color-active: #1E2132;\n    --bb-admin-screen-bgr-color: #FFFFFF;\n    --bb-admin-screen-txt-color: #1E2132;\n    --bb-login-register-link-color-regular: #5A5A5A;\n    --bb-login-register-link-color-hover: #1E42DD;\n    --bb-login-register-button-background-color-regular: #385DFF;\n    --bb-login-register-button-background-color-hover: #1E42DD;\n    --bb-login-register-button-border-color-regular: #385DFF;\n    --bb-login-register-button-border-color-hover: #1E42DD;\nMostrar Todas as Propriedades (mais 20)\n}\n:root {\n    --balloon-color: rgba(16, 16, 16, 0.95);\n    --balloon-font-size: 12px;\n    --balloon-move: 4px;\n}\n:root {\n    --wp--preset--font-size--normal: 16px;\n    --wp--preset--font-size--huge: 42px;\n}\nhtml {\n    --wp-admin--admin-bar--height: 32px;\n    scroll-padding-top: var(--wp-admin--admin-bar--height);\n}\n*, :after, :before {\n    box-sizing: inherit;\n}\n*, :after, :before {\n    box-sizing: inherit;\n}\n<\/style>\n<div class=\"centro\">\n<form role=\"search\" method=\"get\" class=\"search-form\" action=\"http:\/\/rede.sbastrobio.org\/\">\n\t<label>\n\t\t<span class=\"screen-reader-text\">Digite um termo e encontre pesquisadores!<\/span><br>\n\t\t<input type=\"search\" class=\"search-field-top ui-autocomplete-input\" placeholder=\"Search...\" value=\"\" name=\"s\" autocomplete=\"off\">\n\t<\/label>\n<input type=\"hidden\" name=\"bp_search\" value=\"1\"><input type=\"hidden\" name=\"view\" value=\"content\"><\/form><\/div>\n\n\n\n<hr class=\"wp-block-separator has-alpha-channel-opacity\"\/>\n\n\n\n<h3 class=\"has-text-align-center\">Este \u00e9 o <a href=\"https:\/\/lunatics.elsi.jp\/astrobiology-at-a-glance\" target=\"_blank\" rel=\"noreferrer noopener\">Projeto Lunatics<\/a>, aqui voc\u00ea pode encontrar laborat\u00f3rios e pesquisadores ao redor do mundo. Explore!<\/h3>\n\n\n\n<iframe loading=\"lazy\" src=\"https:\/\/www.google.com\/maps\/d\/embed?mid=1nv0pM3s3K6sYBJSnAooZopmFVIEwvqHs&amp;ehbc=2E312F\" width=\"90%\" height=\"480\" align=\"center\" margin=\"auto\"><\/iframe>\n","protected":false},"excerpt":{"rendered":"<p>Est\u00e1 procurando por pesquisadores na \u00e1rea de astrobiologia? Procure por termos e o buscador te retornar\u00e1 com os nomes relacionados ao termo pesquisado. \u00c9 um&hellip;<\/p>\n","protected":false},"author":1,"featured_media":0,"parent":0,"menu_order":0,"comment_status":"closed","ping_status":"closed","template":"","meta":{"om_disable_all_campaigns":false,"_monsterinsights_skip_tracking":false,"_monsterinsights_sitenote_active":false,"_monsterinsights_sitenote_note":"","_monsterinsights_sitenote_category":0},"_links":{"self":[{"href":"https:\/\/rede.sbastrobio.org\/index.php\/wp-json\/wp\/v2\/pages\/55"}],"collection":[{"href":"https:\/\/rede.sbastrobio.org\/index.php\/wp-json\/wp\/v2\/pages"}],"about":[{"href":"https:\/\/rede.sbastrobio.org\/index.php\/wp-json\/wp\/v2\/types\/page"}],"author":[{"embeddable":true,"href":"https:\/\/rede.sbastrobio.org\/index.php\/wp-json\/wp\/v2\/users\/1"}],"replies":[{"embeddable":true,"href":"https:\/\/rede.sbastrobio.org\/index.php\/wp-json\/wp\/v2\/comments?post=55"}],"version-history":[{"count":14,"href":"https:\/\/rede.sbastrobio.org\/index.php\/wp-json\/wp\/v2\/pages\/55\/revisions"}],"predecessor-version":[{"id":117,"href":"https:\/\/rede.sbastrobio.org\/index.php\/wp-json\/wp\/v2\/pages\/55\/revisions\/117"}],"wp:attachment":[{"href":"https:\/\/rede.sbastrobio.org\/index.php\/wp-json\/wp\/v2\/media?parent=55"}],"curies":[{"name":"wp","href":"https:\/\/api.w.org\/{rel}","templated":true}]}}